{"id":680,"date":"2024-05-19T12:43:34","date_gmt":"2024-05-19T12:43:34","guid":{"rendered":"http:\/\/homearchitecture.fr\/?page_id=680"},"modified":"2024-10-10T13:37:03","modified_gmt":"2024-10-10T13:37:03","slug":"mentions-legales","status":"publish","type":"page","link":"https:\/\/homearchitecture.fr\/ma\/mentions-legales\/","title":{"rendered":"\u0625\u0634\u0639\u0627\u0631 \u0642\u0627\u0646\u0648\u0646\u064a"},"content":{"rendered":"<div data-elementor-type=\"wp-page\" data-elementor-id=\"680\" class=\"elementor elementor-680\">\n\t\t\t\t<div class=\"elementor-element elementor-element-7ac2c9a e-flex e-con-boxed wpr-particle-no wpr-jarallax-no wpr-parallax-no wpr-sticky-section-no wpr-equal-height-no e-con e-parent\" data-id=\"7ac2c9a\" data-element_type=\"container\" data-e-type=\"container\">\n\t\t\t\t\t<div class=\"e-con-inner\">\n\t\t\t\t<div class=\"elementor-element elementor-element-88cb478 elementor-widget elementor-widget-text-editor\" data-id=\"88cb478\" data-element_type=\"widget\" data-e-type=\"widget\" data-widget_type=\"text-editor.default\">\n\t\t\t\t<div class=\"elementor-widget-container\">\n\t\t\t\t\t\t\t\t\t<p><strong>\u0625\u0634\u0639\u0627\u0631 \u0642\u0627\u0646\u0648\u0646\u064a<\/strong><\/p><p>\u064a\u062a\u0645 \u0646\u0634\u0631 homearchitecture.fr \u0645\u0646 \u0642\u0628\u0644 \u0634\u0631\u0643\u0629 HOME ARCHITECTURE\u060c \u062a\u062d\u062a \u0627\u0644\u0627\u0633\u0645 \u0627\u0644\u062a\u062c\u0627\u0631\u064a: HOME ARCHITECTURE<\/p><p><strong>\u0627\u0644\u0647\u0646\u062f\u0633\u0629 \u0627\u0644\u0645\u0639\u0645\u0627\u0631\u064a\u0629 \u0644\u0644\u0645\u0646\u0632\u0644<br \/><\/strong>101 \u0634\u0627\u0631\u0639 \u062f\u064a \u0633\u064a\u0641\u0631\u060c<br \/>75006 \u0628\u0627\u0631\u064a\u0633<br \/>\u0647\u0630\u0647. : 06 52 30 71 05<br \/>\u0627\u0644\u0628\u0631\u064a\u062f \u0627\u0644\u0625\u0644\u0643\u062a\u0631\u0648\u0646\u064a: homearchitecture5@yahoo.com<br \/>\u0622\u0631 \u0633\u064a \u0625\u0633 \u0628\u0627\u0631\u064a\u0633 \u0628 492 427 372<br \/>\u0633\u064a\u0631\u064a\u062a: 49242737200023<\/p><p>\u0645\u062f\u064a\u0631 \u0627\u0644\u0646\u0634\u0631 :<br \/>\u0627\u0644\u0633\u064a\u062f \u0628\u0627\u062a\u0631\u064a\u0633 \u0628\u064a\u062a\u064a\u062a<\/p><p><strong>\u064a\u0633\u062a\u0636\u064a\u0641<\/strong><\/p><p>\u0647\u0630\u0627 \u0627\u0644\u0645\u0648\u0642\u0639 \u0645\u0633\u062a\u0636\u0627\u0641 \u0645\u0646 \u0642\u0628\u0644:<br \/><strong>\u0627\u064a\u0648\u0646\u0648\u0633<\/strong><\/p><p>\u00a0<\/p><p><strong>\u0627\u0644\u0633\u0631\u064a\u0629 \u0648\u062d\u0645\u0627\u064a\u0629 \u0627\u0644\u0628\u064a\u0627\u0646\u0627\u062a<\/strong><\/p><p>\u0648\u0641\u0642\u064b\u0627 \u0644\u0642\u0627\u0646\u0648\u0646 \u062d\u0645\u0627\u064a\u0629 \u0627\u0644\u0628\u064a\u0627\u0646\u0627\u062a \u0627\u0644\u0635\u0627\u062f\u0631 \u0641\u064a 6 \u064a\u0646\u0627\u064a\u0631 1978\u060c \u064a\u0645\u0643\u0646\u0643 \u062a\u0639\u062f\u064a\u0644 \u0623\u0648 \u062d\u0630\u0641 \u0627\u0644\u0645\u0639\u0644\u0648\u0645\u0627\u062a \u0627\u0644\u0645\u062a\u0639\u0644\u0642\u0629 \u0628\u062a\u0633\u062c\u064a\u0644\u0643 \u0641\u064a \u0623\u064a \u0648\u0642\u062a. \u0646\u0638\u0631\u064b\u0627 \u0644\u0623\u0646 \u0647\u0630\u0647 \u0627\u0644\u0645\u0639\u0644\u0648\u0645\u0627\u062a \u0627\u0644\u0645\u062a\u0639\u0644\u0642\u0629 \u0628\u0643 \u0633\u0631\u064a\u0629\u060c \u062a\u062a\u0639\u0647\u062f HOME ARCHITECTURE \u0628\u062d\u0645\u0627\u064a\u062a\u0647\u0627.<\/p><p>\u0644\u062f\u064a\u0643 \u0627\u0644\u062d\u0642 \u0641\u064a \u0627\u0644\u0648\u0635\u0648\u0644 \u0625\u0644\u0649 \u0627\u0644\u0628\u064a\u0627\u0646\u0627\u062a \u0627\u0644\u0645\u062a\u0639\u0644\u0642\u0629 \u0628\u0643 \u0648\u062a\u0639\u062f\u064a\u0644\u0647\u0627 \u0648\u062a\u0635\u062d\u064a\u062d\u0647\u0627 \u0648\u062d\u0630\u0641\u0647\u0627 (\u0627\u0644\u0645\u0627\u062f\u0629 34 \u0645\u0646 \u0642\u0627\u0646\u0648\u0646 &quot;\u0627\u0644\u0645\u0639\u0644\u0648\u0645\u0627\u062a\u064a\u0629 \u0648\u0627\u0644\u062d\u0631\u064a\u0627\u062a&quot;). \u064a\u0645\u0643\u0646\u0643 \u0645\u0645\u0627\u0631\u0633\u0629 \u0647\u0630\u0627 \u0627\u0644\u062d\u0642 \u0645\u0628\u0627\u0634\u0631\u0629 \u0639\u0644\u0649 \u0627\u0644\u0645\u0648\u0627\u0642\u0639 \u0627\u0644\u0645\u0639\u0646\u064a\u0629 \u0623\u0648 \u0639\u0646 \u0637\u0631\u064a\u0642 \u0627\u0644\u0627\u062a\u0635\u0627\u0644 \u0628\u0646\u0627:<\/p><p><strong>\u0627\u0644\u0647\u0646\u062f\u0633\u0629 \u0627\u0644\u0645\u0639\u0645\u0627\u0631\u064a\u0629 \u0644\u0644\u0645\u0646\u0632\u0644<br \/><\/strong>101 \u0634\u0627\u0631\u0639 \u062f\u064a \u0633\u064a\u0641\u0631\u060c<br \/>75006 \u0628\u0627\u0631\u064a\u0633<br \/>\u0647\u0630\u0647. : 06 52 30 71 05<br \/>\u0627\u0644\u0628\u0631\u064a\u062f \u0627\u0644\u0625\u0644\u0643\u062a\u0631\u0648\u0646\u064a: homearchitecture5@yahoo.com<\/p>\t\t\t\t\t\t\t\t<\/div>\n\t\t\t\t<\/div>\n\t\t\t\t\t<\/div>\n\t\t\t\t<\/div>\n\t\t\t\t<\/div>","protected":false},"excerpt":{"rendered":"<p>\u0645\u0644\u0627\u062d\u0638\u0627\u062a \u0642\u0627\u0646\u0648\u0646\u064a\u0629 \u064a\u062a\u0645 \u0646\u0634\u0631 \u0645\u0648\u0642\u0639 homearchitecture.fr \u0645\u0646 \u0642\u0628\u0644 \u0634\u0631\u0643\u0629 HOME ARCHITECTURE\u060c \u062a\u062d\u062a \u0627\u0644\u0627\u0633\u0645 \u0627\u0644\u062a\u062c\u0627\u0631\u064a: HOME ARCHITECTURE HOME ARCHITECTURE101 rue de S\u00e8vres, 75006 ParisTel. : 06 52 30 71 05 \u0627\u0644\u0628\u0631\u064a\u062f \u0627\u0644\u0625\u0644\u0643\u062a\u0631\u0648\u0646\u064a: homearchitecture5@yahoo.comRCS Paris B 492 427 372SIRET: 49242737200023 \u0645\u062f\u064a\u0631 \u0627\u0644\u0646\u0634\u0631: \u0627\u0644\u0633\u064a\u062f. \u0628\u0627\u062a\u0631\u064a\u0633 \u0628\u064a\u062a\u064a \u0647\u064a\u0628\u064a\u0631\u062c\u064a\u0631 \u062a\u062a\u0645 \u0627\u0633\u062a\u0636\u0627\u0641\u0629 \u0647\u0630\u0627 \u0627\u0644\u0645\u0648\u0642\u0639 \u0645\u0646 \u0642\u0628\u0644: \u0634\u0631\u0643\u0629 IONOS \u0644\u0644\u0633\u0631\u064a\u0629 \u0648\u062d\u0645\u0627\u064a\u0629 \u0627\u0644\u0628\u064a\u0627\u0646\u0627\u062a \u0648\u0641\u0642\u064b\u0627 \u0644\u0642\u0627\u0646\u0648\u0646 \u062d\u0645\u0627\u064a\u0629 \u0627\u0644\u0628\u064a\u0627\u0646\u0627\u062a \u0627\u0644\u0635\u0627\u062f\u0631 \u0641\u064a 6 \u064a\u0646\u0627\u064a\u0631 1978\u060c \u064a\u0645\u0643\u0646\u0643 \u0641\u064a \u0623\u064a \u0648\u0642\u062a \u062a\u0639\u062f\u064a\u0644 \u0623\u0648 \u062d\u0630\u0641 \u0627\u0644\u0645\u0639\u0644\u0648\u0645\u0627\u062a \u0627\u0644\u0645\u0631\u062a\u0628\u0637\u0629 \u0628\u062a\u0633\u062c\u064a\u0644\u0643. \u0646\u0638\u0631\u064b\u0627 \u0644\u0623\u0646 \u0647\u0630\u0647 \u0627\u0644\u0645\u0639\u0644\u0648\u0645\u0627\u062a \u0627\u0644\u0645\u062a\u0639\u0644\u0642\u0629 \u0628\u0643 \u0633\u0631\u064a\u0629\u060c \u062a\u062a\u0639\u0647\u062f HOME ARCHITECTURE \u0628\u062d\u0645\u0627\u064a\u062a\u0647\u0627. \u0644\u062f\u064a\u0643 \u0627\u0644\u062d\u0642 \u0641\u064a \u0627\u0644\u0648\u0635\u0648\u0644 \u0625\u0644\u0649 \u0627\u0644\u0628\u064a\u0627\u0646\u0627\u062a \u0627\u0644\u0645\u062a\u0639\u0644\u0642\u0629 \u0628\u0643 \u0648\u062a\u0639\u062f\u064a\u0644\u0647\u0627 \u0648\u062a\u0635\u062d\u064a\u062d\u0647\u0627 \u0648\u062d\u0630\u0641\u0647\u0627 (\u0627\u0644\u0645\u0627\u062f\u0629 34 \u0645\u0646 \u0642\u0627\u0646\u0648\u0646 &quot;\u0627\u0644\u0645\u0639\u0644\u0648\u0645\u0627\u062a\u064a\u0629 \u0648\u0627\u0644\u062d\u0631\u064a\u0627\u062a&quot;). \u064a\u0645\u0643\u0646\u0643 \u0645\u0645\u0627\u0631\u0633\u0629 \u0647\u0630\u0627 \u0627\u0644\u062d\u0642 \u0645\u0628\u0627\u0634\u0631\u0629 \u0639\u0644\u0649 \u0627\u0644\u0645\u0648\u0627\u0642\u0639 \u0627\u0644\u0645\u0639\u0646\u064a\u0629 \u0623\u0648 \u0639\u0646 \u0637\u0631\u064a\u0642 \u0627\u0644\u0627\u062a\u0635\u0627\u0644 \u0628\u0646\u0627: HOME ARCHITECTURE101 rue de S\u00e8vres,75006 ParisT\u00e9l. : 06 52 30 71 05 \u0627\u0644\u0628\u0631\u064a\u062f \u0627\u0644\u0625\u0644\u0643\u062a\u0631\u0648\u0646\u064a: homearchitecture5@yahoo.com<\/p>","protected":false},"author":1,"featured_media":0,"parent":0,"menu_order":0,"comment_status":"closed","ping_status":"closed","template":"","meta":{"footnotes":""},"class_list":["post-680","page","type-page","status-publish","hentry"],"yoast_head":"<!-- This site is optimized with the Yoast SEO plugin v27.5 - https:\/\/yoast.com\/product\/yoast-seo-wordpress\/ -->\n<title>Mentions L\u00e9gales - Home Architecture<\/title>\n<meta name=\"robots\" content=\"index, follow, max-snippet:-1, max-image-preview:large, max-video-preview:-1\" \/>\n<link rel=\"canonical\" href=\"https:\/\/lightyellow-goat-121471.hostingersite.com\/mentions-legales\/\" \/>\n<meta property=\"og:locale\" content=\"ar_AR\" \/>\n<meta property=\"og:type\" content=\"article\" \/>\n<meta property=\"og:title\" content=\"Mentions L\u00e9gales - Home Architecture\" \/>\n<meta property=\"og:description\" content=\"Mentions l\u00e9gales homearchitecture.fr est \u00e9dit\u00e9 par la soci\u00e9t\u00e9 HOME ARCHITECTURE, sous le nom commercial\u00a0: HOME ARCHITECTURE HOME ARCHITECTURE101 rue de S\u00e8vres,75006 ParisT\u00e9l. : 06 52 30 71 05E-mail : homearchitecture5@yahoo.comRCS Paris B 492 427 372SIRET\u00a0: 49242737200023 Directeur de la Publication :M. Patrice PETIT HEBERGEUR Ce site est h\u00e9berg\u00e9 par :IONOS \u00a0 CONFIDENTIALITE ET PROTECTION DES DONNEES Conform\u00e9ment \u00e0 la loi informatique et libert\u00e9s du 06 janvier 1978, vous pouvez \u00e0 tout moment modifier ou supprimer les renseignements li\u00e9s \u00e0 votre inscription. Ces informations vous concernant \u00e9tant confidentielles,\u00a0HOME ARCHITECTURE s\u2019engage \u00e0 les prot\u00e9ger. Vous disposez d\u2019un droit d\u2019acc\u00e8s, de modification, de rectification et de suppression des donn\u00e9es qui vous concernent (art. 34 de la loi \u00ab\u00a0Informatique et Libert\u00e9s\u00a0\u00bb). Vous pouvez exercer ce droit directement sur les sites concern\u00e9s ou en nous contactant : HOME ARCHITECTURE101 rue de S\u00e8vres,75006 ParisT\u00e9l. : 06 52 30 71 05E-mail : homearchitecture5@yahoo.com\" \/>\n<meta property=\"og:url\" content=\"https:\/\/lightyellow-goat-121471.hostingersite.com\/mentions-legales\/\" \/>\n<meta property=\"og:site_name\" content=\"Home Architecture\" \/>\n<meta property=\"article:modified_time\" content=\"2024-10-10T13:37:03+00:00\" \/>\n<meta name=\"twitter:card\" content=\"summary_large_image\" \/>\n<meta name=\"twitter:label1\" content=\"Est. reading time\" \/>\n\t<meta name=\"twitter:data1\" content=\"1 minute\" \/>\n<script type=\"application\/ld+json\" class=\"yoast-schema-graph\">{\"@context\":\"https:\\\/\\\/schema.org\",\"@graph\":[{\"@type\":\"WebPage\",\"@id\":\"https:\\\/\\\/lightyellow-goat-121471.hostingersite.com\\\/mentions-legales\\\/\",\"url\":\"https:\\\/\\\/lightyellow-goat-121471.hostingersite.com\\\/mentions-legales\\\/\",\"name\":\"Mentions L\u00e9gales - Home Architecture\",\"isPartOf\":{\"@id\":\"https:\\\/\\\/lightyellow-goat-121471.hostingersite.com\\\/#website\"},\"datePublished\":\"2024-05-19T12:43:34+00:00\",\"dateModified\":\"2024-10-10T13:37:03+00:00\",\"breadcrumb\":{\"@id\":\"https:\\\/\\\/lightyellow-goat-121471.hostingersite.com\\\/mentions-legales\\\/#breadcrumb\"},\"inLanguage\":\"ary\",\"potentialAction\":[{\"@type\":\"ReadAction\",\"target\":[\"https:\\\/\\\/lightyellow-goat-121471.hostingersite.com\\\/mentions-legales\\\/\"]}]},{\"@type\":\"BreadcrumbList\",\"@id\":\"https:\\\/\\\/lightyellow-goat-121471.hostingersite.com\\\/mentions-legales\\\/#breadcrumb\",\"itemListElement\":[{\"@type\":\"ListItem\",\"position\":1,\"name\":\"Home\",\"item\":\"https:\\\/\\\/lightyellow-goat-121471.hostingersite.com\\\/\"},{\"@type\":\"ListItem\",\"position\":2,\"name\":\"Mentions L\u00e9gales\"}]},{\"@type\":\"WebSite\",\"@id\":\"https:\\\/\\\/lightyellow-goat-121471.hostingersite.com\\\/#website\",\"url\":\"https:\\\/\\\/lightyellow-goat-121471.hostingersite.com\\\/\",\"name\":\"Home Architecture\",\"description\":\"\",\"publisher\":{\"@id\":\"https:\\\/\\\/lightyellow-goat-121471.hostingersite.com\\\/#organization\"},\"potentialAction\":[{\"@type\":\"SearchAction\",\"target\":{\"@type\":\"EntryPoint\",\"urlTemplate\":\"https:\\\/\\\/lightyellow-goat-121471.hostingersite.com\\\/?s={search_term_string}\"},\"query-input\":{\"@type\":\"PropertyValueSpecification\",\"valueRequired\":true,\"valueName\":\"search_term_string\"}}],\"inLanguage\":\"ary\"},{\"@type\":\"Organization\",\"@id\":\"https:\\\/\\\/lightyellow-goat-121471.hostingersite.com\\\/#organization\",\"name\":\"Home Architecture\",\"url\":\"https:\\\/\\\/lightyellow-goat-121471.hostingersite.com\\\/\",\"logo\":{\"@type\":\"ImageObject\",\"inLanguage\":\"ary\",\"@id\":\"https:\\\/\\\/lightyellow-goat-121471.hostingersite.com\\\/#\\\/schema\\\/logo\\\/image\\\/\",\"url\":\"https:\\\/\\\/homearchitecture.fr\\\/wp-content\\\/uploads\\\/2024\\\/05\\\/cropped-lo-3.jpg\",\"contentUrl\":\"https:\\\/\\\/homearchitecture.fr\\\/wp-content\\\/uploads\\\/2024\\\/05\\\/cropped-lo-3.jpg\",\"width\":768,\"height\":767,\"caption\":\"Home Architecture\"},\"image\":{\"@id\":\"https:\\\/\\\/lightyellow-goat-121471.hostingersite.com\\\/#\\\/schema\\\/logo\\\/image\\\/\"}}]}<\/script>\n<!-- \/ Yoast SEO plugin. -->","yoast_head_json":{"title":"\u0625\u0634\u0639\u0627\u0631 \u0642\u0627\u0646\u0648\u0646\u064a - \u0627\u0644\u0647\u0646\u062f\u0633\u0629 \u0627\u0644\u0645\u0639\u0645\u0627\u0631\u064a\u0629 \u0627\u0644\u0645\u0646\u0632\u0644\u064a\u0629","robots":{"index":"index","follow":"follow","max-snippet":"max-snippet:-1","max-image-preview":"max-image-preview:large","max-video-preview":"max-video-preview:-1"},"canonical":"https:\/\/lightyellow-goat-121471.hostingersite.com\/mentions-legales\/","og_locale":"ar_AR","og_type":"article","og_title":"Mentions L\u00e9gales - Home Architecture","og_description":"Mentions l\u00e9gales homearchitecture.fr est \u00e9dit\u00e9 par la soci\u00e9t\u00e9 HOME ARCHITECTURE, sous le nom commercial\u00a0: HOME ARCHITECTURE HOME ARCHITECTURE101 rue de S\u00e8vres,75006 ParisT\u00e9l. : 06 52 30 71 05E-mail : homearchitecture5@yahoo.comRCS Paris B 492 427 372SIRET\u00a0: 49242737200023 Directeur de la Publication :M. Patrice PETIT HEBERGEUR Ce site est h\u00e9berg\u00e9 par :IONOS \u00a0 CONFIDENTIALITE ET PROTECTION DES DONNEES Conform\u00e9ment \u00e0 la loi informatique et libert\u00e9s du 06 janvier 1978, vous pouvez \u00e0 tout moment modifier ou supprimer les renseignements li\u00e9s \u00e0 votre inscription. Ces informations vous concernant \u00e9tant confidentielles,\u00a0HOME ARCHITECTURE s\u2019engage \u00e0 les prot\u00e9ger. Vous disposez d\u2019un droit d\u2019acc\u00e8s, de modification, de rectification et de suppression des donn\u00e9es qui vous concernent (art. 34 de la loi \u00ab\u00a0Informatique et Libert\u00e9s\u00a0\u00bb). Vous pouvez exercer ce droit directement sur les sites concern\u00e9s ou en nous contactant : HOME ARCHITECTURE101 rue de S\u00e8vres,75006 ParisT\u00e9l. : 06 52 30 71 05E-mail : homearchitecture5@yahoo.com","og_url":"https:\/\/lightyellow-goat-121471.hostingersite.com\/mentions-legales\/","og_site_name":"Home Architecture","article_modified_time":"2024-10-10T13:37:03+00:00","twitter_card":"summary_large_image","twitter_misc":{"Est. reading time":"1 minute"},"schema":{"@context":"https:\/\/schema.org","@graph":[{"@type":"WebPage","@id":"https:\/\/lightyellow-goat-121471.hostingersite.com\/mentions-legales\/","url":"https:\/\/lightyellow-goat-121471.hostingersite.com\/mentions-legales\/","name":"\u0625\u0634\u0639\u0627\u0631 \u0642\u0627\u0646\u0648\u0646\u064a - \u0627\u0644\u0647\u0646\u062f\u0633\u0629 \u0627\u0644\u0645\u0639\u0645\u0627\u0631\u064a\u0629 \u0627\u0644\u0645\u0646\u0632\u0644\u064a\u0629","isPartOf":{"@id":"https:\/\/lightyellow-goat-121471.hostingersite.com\/#website"},"datePublished":"2024-05-19T12:43:34+00:00","dateModified":"2024-10-10T13:37:03+00:00","breadcrumb":{"@id":"https:\/\/lightyellow-goat-121471.hostingersite.com\/mentions-legales\/#breadcrumb"},"inLanguage":"ary","potentialAction":[{"@type":"ReadAction","target":["https:\/\/lightyellow-goat-121471.hostingersite.com\/mentions-legales\/"]}]},{"@type":"BreadcrumbList","@id":"https:\/\/lightyellow-goat-121471.hostingersite.com\/mentions-legales\/#breadcrumb","itemListElement":[{"@type":"ListItem","position":1,"name":"Home","item":"https:\/\/lightyellow-goat-121471.hostingersite.com\/"},{"@type":"ListItem","position":2,"name":"Mentions L\u00e9gales"}]},{"@type":"WebSite","@id":"https:\/\/lightyellow-goat-121471.hostingersite.com\/#website","url":"https:\/\/lightyellow-goat-121471.hostingersite.com\/","name":"\u0627\u0644\u0647\u0646\u062f\u0633\u0629 \u0627\u0644\u0645\u0639\u0645\u0627\u0631\u064a\u0629 \u0627\u0644\u0645\u0646\u0632\u0644\u064a\u0629","description":"","publisher":{"@id":"https:\/\/lightyellow-goat-121471.hostingersite.com\/#organization"},"potentialAction":[{"@type":"SearchAction","target":{"@type":"EntryPoint","urlTemplate":"https:\/\/lightyellow-goat-121471.hostingersite.com\/?s={search_term_string}"},"query-input":{"@type":"PropertyValueSpecification","valueRequired":true,"valueName":"search_term_string"}}],"inLanguage":"ary"},{"@type":"Organization","@id":"https:\/\/lightyellow-goat-121471.hostingersite.com\/#organization","name":"\u0627\u0644\u0647\u0646\u062f\u0633\u0629 \u0627\u0644\u0645\u0639\u0645\u0627\u0631\u064a\u0629 \u0627\u0644\u0645\u0646\u0632\u0644\u064a\u0629","url":"https:\/\/lightyellow-goat-121471.hostingersite.com\/","logo":{"@type":"ImageObject","inLanguage":"ary","@id":"https:\/\/lightyellow-goat-121471.hostingersite.com\/#\/schema\/logo\/image\/","url":"https:\/\/homearchitecture.fr\/wp-content\/uploads\/2024\/05\/cropped-lo-3.jpg","contentUrl":"https:\/\/homearchitecture.fr\/wp-content\/uploads\/2024\/05\/cropped-lo-3.jpg","width":768,"height":767,"caption":"Home Architecture"},"image":{"@id":"https:\/\/lightyellow-goat-121471.hostingersite.com\/#\/schema\/logo\/image\/"}}]}},"_links":{"self":[{"href":"https:\/\/homearchitecture.fr\/ma\/wp-json\/wp\/v2\/pages\/680","targetHints":{"allow":["GET"]}}],"collection":[{"href":"https:\/\/homearchitecture.fr\/ma\/wp-json\/wp\/v2\/pages"}],"about":[{"href":"https:\/\/homearchitecture.fr\/ma\/wp-json\/wp\/v2\/types\/page"}],"author":[{"embeddable":true,"href":"https:\/\/homearchitecture.fr\/ma\/wp-json\/wp\/v2\/users\/1"}],"replies":[{"embeddable":true,"href":"https:\/\/homearchitecture.fr\/ma\/wp-json\/wp\/v2\/comments?post=680"}],"version-history":[{"count":28,"href":"https:\/\/homearchitecture.fr\/ma\/wp-json\/wp\/v2\/pages\/680\/revisions"}],"predecessor-version":[{"id":2864,"href":"https:\/\/homearchitecture.fr\/ma\/wp-json\/wp\/v2\/pages\/680\/revisions\/2864"}],"wp:attachment":[{"href":"https:\/\/homearchitecture.fr\/ma\/wp-json\/wp\/v2\/media?parent=680"}],"curies":[{"name":"\u062f\u0628\u0644\u064a\u0648 \u0628\u064a","href":"https:\/\/api.w.org\/{rel}","templated":true}]}}