{"id":45,"date":"2024-04-15T15:35:34","date_gmt":"2024-04-15T15:35:34","guid":{"rendered":"http:\/\/homearchitecture.fr\/?page_id=45"},"modified":"2024-11-01T14:12:48","modified_gmt":"2024-11-01T14:12:48","slug":"contact","status":"publish","type":"page","link":"https:\/\/homearchitecture.fr\/ma\/contact\/","title":{"rendered":"\u0627\u062a\u0635\u0627\u0644"},"content":{"rendered":"<div data-elementor-type=\"wp-page\" data-elementor-id=\"45\" class=\"elementor elementor-45\">\n\t\t\t\t\t\t<section class=\"elementor-section elementor-top-section elementor-element elementor-element-8a76574 elementor-section-height-min-height elementor-section-boxed elementor-section-height-default elementor-section-items-middle wpr-particle-no wpr-jarallax-no wpr-parallax-no wpr-sticky-section-no wpr-equal-height-no\" data-id=\"8a76574\" data-element_type=\"section\" data-e-type=\"section\" data-settings=\"{&quot;background_background&quot;:&quot;classic&quot;,&quot;shape_divider_bottom&quot;:&quot;tilt&quot;}\">\n\t\t\t\t\t\t\t<div class=\"elementor-background-overlay\"><\/div>\n\t\t\t\t\t\t<div class=\"elementor-shape elementor-shape-bottom\" aria-hidden=\"true\" data-negative=\"false\">\n\t\t\t<svg xmlns=\"http:\/\/www.w3.org\/2000\/svg\" viewbox=\"0 0 1000 100\" preserveaspectratio=\"none\">\n\t<path class=\"elementor-shape-fill\" d=\"M0,6V0h1000v100L0,6z\"\/>\n<\/svg>\t\t<\/div>\n\t\t\t\t\t<div class=\"elementor-container elementor-column-gap-default\">\n\t\t\t\t\t<div class=\"elementor-column elementor-col-100 elementor-top-column elementor-element elementor-element-891e61b\" data-id=\"891e61b\" data-element_type=\"column\" data-e-type=\"column\">\n\t\t\t<div class=\"elementor-widget-wrap elementor-element-populated\">\n\t\t\t\t\t\t<div class=\"elementor-element elementor-element-b1e7bf6 elementor-widget elementor-widget-heading\" data-id=\"b1e7bf6\" data-element_type=\"widget\" data-e-type=\"widget\" data-widget_type=\"heading.default\">\n\t\t\t\t<div class=\"elementor-widget-container\">\n\t\t\t\t\t<h2 class=\"elementor-heading-title elementor-size-default\">\u0627\u062a\u0635\u0644 \u0628\u0646\u0627<\/h2>\t\t\t\t<\/div>\n\t\t\t\t<\/div>\n\t\t\t\t\t<\/div>\n\t\t<\/div>\n\t\t\t\t\t<\/div>\n\t\t<\/section>\n\t\t<div class=\"elementor-element elementor-element-aabc050 e-flex e-con-boxed wpr-particle-no wpr-jarallax-no wpr-parallax-no wpr-sticky-section-no wpr-equal-height-no e-con e-parent\" data-id=\"aabc050\" data-element_type=\"container\" data-e-type=\"container\">\n\t\t\t\t\t<div class=\"e-con-inner\">\n\t\t<div class=\"elementor-element elementor-element-65dfbc4 e-con-full e-flex wpr-particle-no wpr-jarallax-no wpr-parallax-no wpr-sticky-section-no wpr-equal-height-no e-con e-child\" data-id=\"65dfbc4\" data-element_type=\"container\" data-e-type=\"container\">\n\t\t\t\t<div class=\"elementor-element elementor-element-739acd1 elementor-widget elementor-widget-heading\" data-id=\"739acd1\" data-element_type=\"widget\" data-e-type=\"widget\" data-widget_type=\"heading.default\">\n\t\t\t\t<div class=\"elementor-widget-container\">\n\t\t\t\t\t<h2 class=\"elementor-heading-title elementor-size-default\">\u062a\u0641\u0627\u0635\u064a\u0644 \u0644\u062f\u064a\u0646\u0627<\/h2>\t\t\t\t<\/div>\n\t\t\t\t<\/div>\n\t\t\t\t<div class=\"elementor-element elementor-element-52f83ed elementor-list-item-link-inline elementor-icon-list--layout-traditional elementor-widget elementor-widget-icon-list\" data-id=\"52f83ed\" data-element_type=\"widget\" data-e-type=\"widget\" data-widget_type=\"icon-list.default\">\n\t\t\t\t<div class=\"elementor-widget-container\">\n\t\t\t\t\t\t\t<ul class=\"elementor-icon-list-items\">\n\t\t\t\t\t\t\t<li class=\"elementor-icon-list-item\">\n\t\t\t\t\t\t\t\t\t\t\t<a href=\"tel:0033652307105\">\n\n\t\t\t\t\t\t\t\t\t\t\t\t<span class=\"elementor-icon-list-icon\">\n\t\t\t\t\t\t\t<svg aria-hidden=\"true\" class=\"e-font-icon-svg e-fas-phone-square-alt\" viewbox=\"0 0 448 512\" xmlns=\"http:\/\/www.w3.org\/2000\/svg\"><path d=\"M400 32H48A48 48 0 0 0 0 80v352a48 48 0 0 0 48 48h352a48 48 0 0 0 48-48V80a48 48 0 0 0-48-48zm-16.39 307.37l-15 65A15 15 0 0 1 354 416C194 416 64 286.29 64 126a15.7 15.7 0 0 1 11.63-14.61l65-15A18.23 18.23 0 0 1 144 96a16.27 16.27 0 0 1 13.79 9.09l30 70A17.9 17.9 0 0 1 189 181a17 17 0 0 1-5.5 11.61l-37.89 31a231.91 231.91 0 0 0 110.78 110.78l31-37.89A17 17 0 0 1 299 291a17.85 17.85 0 0 1 5.91 1.21l70 30A16.25 16.25 0 0 1 384 336a17.41 17.41 0 0 1-.39 3.37z\"><\/path><\/svg>\t\t\t\t\t\t<\/span>\n\t\t\t\t\t\t\t\t\t\t<span class=\"elementor-icon-list-text\">+33 6 52 30 71 05<\/span>\n\t\t\t\t\t\t\t\t\t\t\t<\/a>\n\t\t\t\t\t\t\t\t\t<\/li>\n\t\t\t\t\t\t\t\t<li class=\"elementor-icon-list-item\">\n\t\t\t\t\t\t\t\t\t\t\t<a href=\"mailto:homearchitecture5@yahoo.com\">\n\n\t\t\t\t\t\t\t\t\t\t\t\t<span class=\"elementor-icon-list-icon\">\n\t\t\t\t\t\t\t<svg aria-hidden=\"true\" class=\"e-font-icon-svg e-fas-envelope\" viewbox=\"0 0 512 512\" xmlns=\"http:\/\/www.w3.org\/2000\/svg\"><path d=\"M502.3 190.8c3.9-3.1 9.7-.2 9.7 4.7V400c0 26.5-21.5 48-48 48H48c-26.5 0-48-21.5-48-48V195.6c0-5 5.7-7.8 9.7-4.7 22.4 17.4 52.1 39.5 154.1 113.6 21.1 15.4 56.7 47.8 92.2 47.6 35.7.3 72-32.8 92.3-47.6 102-74.1 131.6-96.3 154-113.7zM256 320c23.2.4 56.6-29.2 73.4-41.4 132.7-96.3 142.8-104.7 173.4-128.7 5.8-4.5 9.2-11.5 9.2-18.9v-19c0-26.5-21.5-48-48-48H48C21.5 64 0 85.5 0 112v19c0 7.4 3.4 14.3 9.2 18.9 30.6 23.9 40.7 32.4 173.4 128.7 16.8 12.2 50.2 41.8 73.4 41.4z\"><\/path><\/svg>\t\t\t\t\t\t<\/span>\n\t\t\t\t\t\t\t\t\t\t<span class=\"elementor-icon-list-text\">homearchitecture5@yahoo.com<\/span>\n\t\t\t\t\t\t\t\t\t\t\t<\/a>\n\t\t\t\t\t\t\t\t\t<\/li>\n\t\t\t\t\t\t\t\t<li class=\"elementor-icon-list-item\">\n\t\t\t\t\t\t\t\t\t\t\t<span class=\"elementor-icon-list-icon\">\n\t\t\t\t\t\t\t<svg aria-hidden=\"true\" class=\"e-font-icon-svg e-fas-location-arrow\" viewbox=\"0 0 512 512\" xmlns=\"http:\/\/www.w3.org\/2000\/svg\"><path d=\"M444.52 3.52L28.74 195.42c-47.97 22.39-31.98 92.75 19.19 92.75h175.91v175.91c0 51.17 70.36 67.17 92.75 19.19l191.9-415.78c15.99-38.39-25.59-79.97-63.97-63.97z\"><\/path><\/svg>\t\t\t\t\t\t<\/span>\n\t\t\t\t\t\t\t\t\t\t<span class=\"elementor-icon-list-text\">\u0634\u0627\u0631\u0639 \u0628\u0627\u0631\u064a\u0633\u060c 75000 \u0628\u0627\u0631\u064a\u0633<\/span>\n\t\t\t\t\t\t\t\t\t<\/li>\n\t\t\t\t\t\t<\/ul>\n\t\t\t\t\t\t<\/div>\n\t\t\t\t<\/div>\n\t\t\t\t<\/div>\n\t\t<div class=\"elementor-element elementor-element-9af10b1 e-con-full e-flex wpr-particle-no wpr-jarallax-no wpr-parallax-no wpr-sticky-section-no wpr-equal-height-no e-con e-child\" data-id=\"9af10b1\" data-element_type=\"container\" data-e-type=\"container\" data-settings=\"{&quot;background_background&quot;:&quot;classic&quot;}\">\n\t\t\t\t<div class=\"elementor-element elementor-element-eca0d75 elementor-widget elementor-widget-shortcode\" data-id=\"eca0d75\" data-element_type=\"widget\" data-e-type=\"widget\" data-widget_type=\"shortcode.default\">\n\t\t\t\t<div class=\"elementor-widget-container\">\n\t\t\t\t\t\t\t<div class=\"elementor-shortcode\"><div class=\"forminator-ui forminator-custom-form forminator-custom-form-423 forminator-design--material  forminator_ajax\" data-forminator-render=\"0\" data-form=\"forminator-module-423\" data-uid=\"69f48d6c7a557\"><br\/><\/div><form\n\t\t\t\tid=\"forminator-module-423\"\n\t\t\t\tclass=\"forminator-ui forminator-custom-form forminator-custom-form-423 forminator-design--material  forminator_ajax\"\n\t\t\t\tmethod=\"post\"\n\t\t\t\tdata-forminator-render=\"0\"\n\t\t\t\tdata-form-id=\"423\"\n\t\t\t\t data-color-option=\"default\" data-design=\"material\" data-grid=\"open\" style=\"display: none;\"\n\t\t\t\tdata-uid=\"69f48d6c7a557\" action=\"\"\n\t\t\t><div role=\"alert\" aria-live=\"polite\" class=\"forminator-response-message forminator-error\" aria-hidden=\"true\"><\/div><div class=\"forminator-row\"><div id=\"name-1\" class=\"forminator-field-name forminator-col forminator-col-6\"><div class=\"forminator-field\"><label for=\"forminator-field-name-1_69f48d6c7a557\" id=\"forminator-field-name-1_69f48d6c7a557-label\" class=\"forminator-label\">\u0627\u0633\u0645 <span class=\"forminator-required\">*<\/span><\/label><input type=\"text\" name=\"name-1\" value=\"\" placeholder=\"\u0639\u0644\u0649 \u0633\u0628\u064a\u0644 \u0627\u0644\u0645\u062b\u0627\u0644: \u062f\u0648\u0628\u0648\u0646\u062a\" id=\"forminator-field-name-1_69f48d6c7a557\" class=\"forminator-input forminator-name--field\" aria-required=\"true\" autocomplete=\"name\" \/><\/div><\/div><div id=\"name-2\" class=\"forminator-field-name forminator-col forminator-col-6\"><div class=\"forminator-field\"><label for=\"forminator-field-name-2_69f48d6c7a557\" id=\"forminator-field-name-2_69f48d6c7a557-label\" class=\"forminator-label\">\u0627\u0644\u0627\u0633\u0645 \u0627\u0644\u0623\u0648\u0644 <span class=\"forminator-required\">*<\/span><\/label><input type=\"text\" name=\"name-2\" value=\"\" placeholder=\"\u0639\u0644\u0649 \u0633\u0628\u064a\u0644 \u0627\u0644\u0645\u062b\u0627\u0644: \u062c\u0627\u0643\" id=\"forminator-field-name-2_69f48d6c7a557\" class=\"forminator-input forminator-name--field\" aria-required=\"true\" autocomplete=\"name\" \/><\/div><\/div><\/div><div class=\"forminator-row\"><div id=\"phone-1\" class=\"forminator-field-phone forminator-col forminator-col-6\"><div class=\"forminator-field\"><label for=\"forminator-field-phone-1_69f48d6c7a557\" id=\"forminator-field-phone-1_69f48d6c7a557-label\" class=\"forminator-label\">\u0647\u0627\u062a\u0641 <span class=\"forminator-required\">*<\/span><\/label><input type=\"text\" name=\"phone-1\" value=\"\" placeholder=\"\u0639\u0644\u0649 \u0633\u0628\u064a\u0644 \u0627\u0644\u0645\u062b\u0627\u0644: 01 02 03 05 06\" id=\"forminator-field-phone-1_69f48d6c7a557\" class=\"forminator-input forminator-field--phone\" data-required=\"1\" aria-required=\"true\" autocomplete=\"off\" data-national_mode=\"enabled\" data-country=\"fr\" data-validation=\"standard\" \/><\/div><\/div><div id=\"email-1\" class=\"forminator-field-email forminator-col forminator-col-6\"><div class=\"forminator-field\"><label for=\"forminator-field-email-1_69f48d6c7a557\" id=\"forminator-field-email-1_69f48d6c7a557-label\" class=\"forminator-label\">\u0628\u0631\u064a\u062f \u0625\u0644\u0643\u062a\u0631\u0648\u0646\u064a <span class=\"forminator-required\">*<\/span><\/label><input type=\"email\" name=\"email-1\" value=\"\" placeholder=\"\u0639\u0644\u0649 \u0633\u0628\u064a\u0644 \u0627\u0644\u0645\u062b\u0627\u0644: jacques@martin.com\" id=\"forminator-field-email-1_69f48d6c7a557\" class=\"forminator-input forminator-email--field\" data-required=\"1\" aria-required=\"true\" autocomplete=\"email\" \/><\/div><\/div><\/div><div class=\"forminator-row\"><div id=\"textarea-1\" class=\"forminator-field-textarea forminator-col forminator-col-12\"><div class=\"forminator-field\"><label for=\"forminator-field-textarea-1_69f48d6c7a557\" id=\"forminator-field-textarea-1_69f48d6c7a557-label\" class=\"forminator-label\">\u0631\u0633\u0627\u0644\u062a\u0643<\/label><textarea name=\"textarea-1\" placeholder=\"\" id=\"forminator-field-textarea-1_69f48d6c7a557\" class=\"forminator-textarea\" rows=\"6\" style=\"--forminator-textarea-min-height:140px;\" ><\/textarea><\/div><\/div><\/div><div class=\"forminator-row\"><div id=\"consent-1\" class=\"forminator-field-consent forminator-col forminator-col-12\"><div class=\"forminator-field\"><label for=\"forminator-field-consent-1_69f48d6c7a557\" id=\"forminator-field-consent-1_69f48d6c7a557-label\" class=\"forminator-label\">\u0645\u0648\u0627\u0641\u0642\u0629 <span class=\"forminator-required\">*<\/span><\/label><div class=\"forminator-checkbox__wrapper\"><label id=\"forminator-field-consent-1_69f48d6c7a557__label\" class=\"forminator-checkbox forminator-consent\"><input type=\"checkbox\" name=\"consent-1\" id=\"forminator-field-consent-1_69f48d6c7a557\" value=\"checked\" aria-labelledby=\"forminator-field-consent-1_69f48d6c7a557-label\" aria-describedby=\"forminator-field-consent-1_69f48d6c7a557__description\" data-required=\"true\" aria-required=\"true\" \/><span class=\"forminator-checkbox-box\" aria-hidden=\"true\"><\/span><\/label><div id=\"forminator-field-consent-1_69f48d6c7a557__description\" class=\"forminator-checkbox__label forminator-consent__label\"><p>\u0623\u0648\u0627\u0641\u0642 \u0639\u0644\u0649 \u0633\u064a\u0627\u0633\u0629 \u0627\u0644\u062e\u0635\u0648\u0635\u064a\u0629 \u0648\u0627\u0644\u0634\u0631\u0648\u0637 \u0648\u0627\u0644\u0623\u062d\u0643\u0627\u0645.<\/p><\/div><\/div><\/div><\/div><\/div><div class=\"forminator-row\"><\/div><input type=\"hidden\" name=\"referer_url\" value=\"\" \/><div class=\"forminator-row forminator-row-last\"><div class=\"forminator-col\"><div class=\"forminator-field\"><button class=\"forminator-button forminator-button-submit\"><span>\u0623\u0631\u0633\u0644 \u0627\u0644\u0631\u0633\u0627\u0644\u0629<\/span><span aria-hidden=\"true\"><\/span><\/button><\/div><\/div><\/div><input type=\"hidden\" id=\"forminator_nonce\" name=\"forminator_nonce\" value=\"c3064874e4\" \/><input type=\"hidden\" name=\"_wp_http_referer\" value=\"\/ma\/wp-json\/wp\/v2\/pages\/45\" \/><input type=\"hidden\" name=\"form_id\" value=\"423\"><input type=\"hidden\" name=\"page_id\" value=\"45\"><input type=\"hidden\" name=\"form_type\" value=\"default\"><input type=\"hidden\" name=\"current_url\" value=\"https:\/\/homearchitecture.fr\/ma\/contact\/\"><input type=\"hidden\" name=\"render_id\" value=\"0\"><input type=\"hidden\" name=\"action\" value=\"forminator_submit_form_custom-forms\"><input type=\"hidden\" name=\"trp-form-language\" value=\"ma\"\/><\/form><\/div>\n\t\t\t\t\t\t<\/div>\n\t\t\t\t<\/div>\n\t\t\t\t<\/div>\n\t\t\t\t\t<\/div>\n\t\t\t\t<\/div>\n\t\t\t\t<\/div>","protected":false},"excerpt":{"rendered":"<p>\u0627\u062a\u0635\u0644 \u0628\u0646\u0627 \u062a\u0641\u0627\u0635\u064a\u0644 \u0627\u0644\u0627\u062a\u0635\u0627\u0644 \u0644\u062f\u064a\u0646\u0627 +33 6 52 30 71 05 homearchitecture5@yahoo.com Rue de Paris, 75000 Paris<\/p>","protected":false},"author":1,"featured_media":0,"parent":0,"menu_order":0,"comment_status":"closed","ping_status":"closed","template":"","meta":{"footnotes":""},"class_list":["post-45","page","type-page","status-publish","hentry"],"yoast_head":"<!-- This site is optimized with the Yoast SEO plugin v27.5 - https:\/\/yoast.com\/product\/yoast-seo-wordpress\/ -->\n<title>Contact - Home Architecture<\/title>\n<meta name=\"description\" content=\"Contactez Home Architecture \u00e0 Paris pour discuter de votre projet architectural. Nous sommes l\u00e0 pour transformer vos visions en espaces r\u00e9els.\" \/>\n<meta name=\"robots\" content=\"index, follow, max-snippet:-1, max-image-preview:large, max-video-preview:-1\" \/>\n<link rel=\"canonical\" href=\"https:\/\/lightyellow-goat-121471.hostingersite.com\/contact\/\" \/>\n<meta property=\"og:locale\" content=\"ar_AR\" \/>\n<meta property=\"og:type\" content=\"article\" \/>\n<meta property=\"og:title\" content=\"Contact - Home Architecture\" \/>\n<meta property=\"og:description\" content=\"Contactez Home Architecture \u00e0 Paris pour discuter de votre projet architectural. Nous sommes l\u00e0 pour transformer vos visions en espaces r\u00e9els.\" \/>\n<meta property=\"og:url\" content=\"https:\/\/lightyellow-goat-121471.hostingersite.com\/contact\/\" \/>\n<meta property=\"og:site_name\" content=\"Home Architecture\" \/>\n<meta property=\"article:modified_time\" content=\"2024-11-01T14:12:48+00:00\" \/>\n<meta name=\"twitter:card\" content=\"summary_large_image\" \/>\n<meta name=\"twitter:label1\" content=\"Est. reading time\" \/>\n\t<meta name=\"twitter:data1\" content=\"1 minute\" \/>\n<script type=\"application\/ld+json\" class=\"yoast-schema-graph\">{\"@context\":\"https:\\\/\\\/schema.org\",\"@graph\":[{\"@type\":\"WebPage\",\"@id\":\"https:\\\/\\\/lightyellow-goat-121471.hostingersite.com\\\/contact\\\/\",\"url\":\"https:\\\/\\\/lightyellow-goat-121471.hostingersite.com\\\/contact\\\/\",\"name\":\"Contact - Home Architecture\",\"isPartOf\":{\"@id\":\"https:\\\/\\\/lightyellow-goat-121471.hostingersite.com\\\/#website\"},\"datePublished\":\"2024-04-15T15:35:34+00:00\",\"dateModified\":\"2024-11-01T14:12:48+00:00\",\"description\":\"Contactez Home Architecture \u00e0 Paris pour discuter de votre projet architectural. Nous sommes l\u00e0 pour transformer vos visions en espaces r\u00e9els.\",\"breadcrumb\":{\"@id\":\"https:\\\/\\\/lightyellow-goat-121471.hostingersite.com\\\/contact\\\/#breadcrumb\"},\"inLanguage\":\"ary\",\"potentialAction\":[{\"@type\":\"ReadAction\",\"target\":[\"https:\\\/\\\/lightyellow-goat-121471.hostingersite.com\\\/contact\\\/\"]}]},{\"@type\":\"BreadcrumbList\",\"@id\":\"https:\\\/\\\/lightyellow-goat-121471.hostingersite.com\\\/contact\\\/#breadcrumb\",\"itemListElement\":[{\"@type\":\"ListItem\",\"position\":1,\"name\":\"Home\",\"item\":\"https:\\\/\\\/lightyellow-goat-121471.hostingersite.com\\\/\"},{\"@type\":\"ListItem\",\"position\":2,\"name\":\"Contact\"}]},{\"@type\":\"WebSite\",\"@id\":\"https:\\\/\\\/lightyellow-goat-121471.hostingersite.com\\\/#website\",\"url\":\"https:\\\/\\\/lightyellow-goat-121471.hostingersite.com\\\/\",\"name\":\"Home Architecture\",\"description\":\"\",\"publisher\":{\"@id\":\"https:\\\/\\\/lightyellow-goat-121471.hostingersite.com\\\/#organization\"},\"potentialAction\":[{\"@type\":\"SearchAction\",\"target\":{\"@type\":\"EntryPoint\",\"urlTemplate\":\"https:\\\/\\\/lightyellow-goat-121471.hostingersite.com\\\/?s={search_term_string}\"},\"query-input\":{\"@type\":\"PropertyValueSpecification\",\"valueRequired\":true,\"valueName\":\"search_term_string\"}}],\"inLanguage\":\"ary\"},{\"@type\":\"Organization\",\"@id\":\"https:\\\/\\\/lightyellow-goat-121471.hostingersite.com\\\/#organization\",\"name\":\"Home Architecture\",\"url\":\"https:\\\/\\\/lightyellow-goat-121471.hostingersite.com\\\/\",\"logo\":{\"@type\":\"ImageObject\",\"inLanguage\":\"ary\",\"@id\":\"https:\\\/\\\/lightyellow-goat-121471.hostingersite.com\\\/#\\\/schema\\\/logo\\\/image\\\/\",\"url\":\"https:\\\/\\\/homearchitecture.fr\\\/wp-content\\\/uploads\\\/2024\\\/05\\\/cropped-lo-3.jpg\",\"contentUrl\":\"https:\\\/\\\/homearchitecture.fr\\\/wp-content\\\/uploads\\\/2024\\\/05\\\/cropped-lo-3.jpg\",\"width\":768,\"height\":767,\"caption\":\"Home Architecture\"},\"image\":{\"@id\":\"https:\\\/\\\/lightyellow-goat-121471.hostingersite.com\\\/#\\\/schema\\\/logo\\\/image\\\/\"}}]}<\/script>\n<!-- \/ Yoast SEO plugin. -->","yoast_head_json":{"title":"\u0627\u062a\u0635\u0644 \u0628\u0646\u0627 - \u0627\u0644\u0647\u0646\u062f\u0633\u0629 \u0627\u0644\u0645\u0639\u0645\u0627\u0631\u064a\u0629 \u0627\u0644\u0645\u0646\u0632\u0644\u064a\u0629","description":"\u0627\u062a\u0635\u0644 \u0628\u0627\u0644\u0647\u0646\u062f\u0633\u0629 \u0627\u0644\u0645\u0639\u0645\u0627\u0631\u064a\u0629 \u0627\u0644\u0645\u0646\u0632\u0644\u064a\u0629 \u0641\u064a \u0628\u0627\u0631\u064a\u0633 \u0644\u0645\u0646\u0627\u0642\u0634\u0629 \u0645\u0634\u0631\u0648\u0639\u0643 \u0627\u0644\u0645\u0639\u0645\u0627\u0631\u064a. \u0646\u062d\u0646 \u0647\u0646\u0627 \u0644\u062a\u062d\u0648\u064a\u0644 \u0631\u0624\u0627\u0643 \u0625\u0644\u0649 \u0645\u0633\u0627\u062d\u0627\u062a \u062d\u0642\u064a\u0642\u064a\u0629.","robots":{"index":"index","follow":"follow","max-snippet":"max-snippet:-1","max-image-preview":"max-image-preview:large","max-video-preview":"max-video-preview:-1"},"canonical":"https:\/\/lightyellow-goat-121471.hostingersite.com\/contact\/","og_locale":"ar_AR","og_type":"article","og_title":"Contact - Home Architecture","og_description":"Contactez Home Architecture \u00e0 Paris pour discuter de votre projet architectural. Nous sommes l\u00e0 pour transformer vos visions en espaces r\u00e9els.","og_url":"https:\/\/lightyellow-goat-121471.hostingersite.com\/contact\/","og_site_name":"Home Architecture","article_modified_time":"2024-11-01T14:12:48+00:00","twitter_card":"summary_large_image","twitter_misc":{"Est. reading time":"1 minute"},"schema":{"@context":"https:\/\/schema.org","@graph":[{"@type":"WebPage","@id":"https:\/\/lightyellow-goat-121471.hostingersite.com\/contact\/","url":"https:\/\/lightyellow-goat-121471.hostingersite.com\/contact\/","name":"\u0627\u062a\u0635\u0644 \u0628\u0646\u0627 - \u0627\u0644\u0647\u0646\u062f\u0633\u0629 \u0627\u0644\u0645\u0639\u0645\u0627\u0631\u064a\u0629 \u0627\u0644\u0645\u0646\u0632\u0644\u064a\u0629","isPartOf":{"@id":"https:\/\/lightyellow-goat-121471.hostingersite.com\/#website"},"datePublished":"2024-04-15T15:35:34+00:00","dateModified":"2024-11-01T14:12:48+00:00","description":"\u0627\u062a\u0635\u0644 \u0628\u0627\u0644\u0647\u0646\u062f\u0633\u0629 \u0627\u0644\u0645\u0639\u0645\u0627\u0631\u064a\u0629 \u0627\u0644\u0645\u0646\u0632\u0644\u064a\u0629 \u0641\u064a \u0628\u0627\u0631\u064a\u0633 \u0644\u0645\u0646\u0627\u0642\u0634\u0629 \u0645\u0634\u0631\u0648\u0639\u0643 \u0627\u0644\u0645\u0639\u0645\u0627\u0631\u064a. \u0646\u062d\u0646 \u0647\u0646\u0627 \u0644\u062a\u062d\u0648\u064a\u0644 \u0631\u0624\u0627\u0643 \u0625\u0644\u0649 \u0645\u0633\u0627\u062d\u0627\u062a \u062d\u0642\u064a\u0642\u064a\u0629.","breadcrumb":{"@id":"https:\/\/lightyellow-goat-121471.hostingersite.com\/contact\/#breadcrumb"},"inLanguage":"ary","potentialAction":[{"@type":"ReadAction","target":["https:\/\/lightyellow-goat-121471.hostingersite.com\/contact\/"]}]},{"@type":"BreadcrumbList","@id":"https:\/\/lightyellow-goat-121471.hostingersite.com\/contact\/#breadcrumb","itemListElement":[{"@type":"ListItem","position":1,"name":"Home","item":"https:\/\/lightyellow-goat-121471.hostingersite.com\/"},{"@type":"ListItem","position":2,"name":"Contact"}]},{"@type":"WebSite","@id":"https:\/\/lightyellow-goat-121471.hostingersite.com\/#website","url":"https:\/\/lightyellow-goat-121471.hostingersite.com\/","name":"\u0627\u0644\u0647\u0646\u062f\u0633\u0629 \u0627\u0644\u0645\u0639\u0645\u0627\u0631\u064a\u0629 \u0627\u0644\u0645\u0646\u0632\u0644\u064a\u0629","description":"","publisher":{"@id":"https:\/\/lightyellow-goat-121471.hostingersite.com\/#organization"},"potentialAction":[{"@type":"SearchAction","target":{"@type":"EntryPoint","urlTemplate":"https:\/\/lightyellow-goat-121471.hostingersite.com\/?s={search_term_string}"},"query-input":{"@type":"PropertyValueSpecification","valueRequired":true,"valueName":"search_term_string"}}],"inLanguage":"ary"},{"@type":"Organization","@id":"https:\/\/lightyellow-goat-121471.hostingersite.com\/#organization","name":"\u0627\u0644\u0647\u0646\u062f\u0633\u0629 \u0627\u0644\u0645\u0639\u0645\u0627\u0631\u064a\u0629 \u0627\u0644\u0645\u0646\u0632\u0644\u064a\u0629","url":"https:\/\/lightyellow-goat-121471.hostingersite.com\/","logo":{"@type":"ImageObject","inLanguage":"ary","@id":"https:\/\/lightyellow-goat-121471.hostingersite.com\/#\/schema\/logo\/image\/","url":"https:\/\/homearchitecture.fr\/wp-content\/uploads\/2024\/05\/cropped-lo-3.jpg","contentUrl":"https:\/\/homearchitecture.fr\/wp-content\/uploads\/2024\/05\/cropped-lo-3.jpg","width":768,"height":767,"caption":"Home Architecture"},"image":{"@id":"https:\/\/lightyellow-goat-121471.hostingersite.com\/#\/schema\/logo\/image\/"}}]}},"_links":{"self":[{"href":"https:\/\/homearchitecture.fr\/ma\/wp-json\/wp\/v2\/pages\/45","targetHints":{"allow":["GET"]}}],"collection":[{"href":"https:\/\/homearchitecture.fr\/ma\/wp-json\/wp\/v2\/pages"}],"about":[{"href":"https:\/\/homearchitecture.fr\/ma\/wp-json\/wp\/v2\/types\/page"}],"author":[{"embeddable":true,"href":"https:\/\/homearchitecture.fr\/ma\/wp-json\/wp\/v2\/users\/1"}],"replies":[{"embeddable":true,"href":"https:\/\/homearchitecture.fr\/ma\/wp-json\/wp\/v2\/comments?post=45"}],"version-history":[{"count":61,"href":"https:\/\/homearchitecture.fr\/ma\/wp-json\/wp\/v2\/pages\/45\/revisions"}],"predecessor-version":[{"id":2037,"href":"https:\/\/homearchitecture.fr\/ma\/wp-json\/wp\/v2\/pages\/45\/revisions\/2037"}],"wp:attachment":[{"href":"https:\/\/homearchitecture.fr\/ma\/wp-json\/wp\/v2\/media?parent=45"}],"curies":[{"name":"\u062f\u0628\u0644\u064a\u0648 \u0628\u064a","href":"https:\/\/api.w.org\/{rel}","templated":true}]}}