{"id":680,"date":"2024-05-19T12:43:34","date_gmt":"2024-05-19T12:43:34","guid":{"rendered":"http:\/\/homearchitecture.fr\/?page_id=680"},"modified":"2024-10-10T13:37:03","modified_gmt":"2024-10-10T13:37:03","slug":"mentions-legales","status":"publish","type":"page","link":"https:\/\/homearchitecture.fr\/en\/mentions-legales\/","title":{"rendered":"Legal information"},"content":{"rendered":"<div data-elementor-type=\"wp-page\" data-elementor-id=\"680\" class=\"elementor elementor-680\">\n\t\t\t\t<div class=\"elementor-element elementor-element-7ac2c9a e-flex e-con-boxed wpr-particle-no wpr-jarallax-no wpr-parallax-no wpr-sticky-section-no wpr-equal-height-no e-con e-parent\" data-id=\"7ac2c9a\" data-element_type=\"container\" data-e-type=\"container\">\n\t\t\t\t\t<div class=\"e-con-inner\">\n\t\t\t\t<div class=\"elementor-element elementor-element-88cb478 elementor-widget elementor-widget-text-editor\" data-id=\"88cb478\" data-element_type=\"widget\" data-e-type=\"widget\" data-widget_type=\"text-editor.default\">\n\t\t\t\t<div class=\"elementor-widget-container\">\n\t\t\t\t\t\t\t\t\t<p><strong>Legal information<\/strong><\/p><p>homearchitecture.fr is published by HOME ARCHITECTURE, under the trade name: HOME ARCHITECTURE<\/p><p><strong>HOME ARCHITECTURE<br \/><\/strong>101 rue de S\u00e8vres,<br \/>75006 Paris<br \/>Tel.: 06 52 30 71 05<br \/>E-mail: homearchitecture5@yahoo.com<br \/>RCS Paris B 492 427 372<br \/>SIRET: 49242737200023<\/p><p>Publication Director:<br \/>Mr Patrice PETIT<\/p><p><strong>WEBMASTER<\/strong><\/p><p>This site is hosted by :<br \/><strong>IONOS<\/strong><\/p><p>\u00a0<\/p><p><strong>CONFIDENTIALITY AND DATA PROTECTION<\/strong><\/p><p>In accordance with the Data Protection Act of 06 January 1978, you can at any time modify or delete information related to your registration. As this information is confidential, HOME ARCHITECTURE undertakes to protect it.<\/p><p>You have the right to access, modify, rectify and delete data concerning you (art. 34 of the French Data Protection Act). You can exercise this right directly on the sites concerned or by contacting us:<\/p><p><strong>HOME ARCHITECTURE<br \/><\/strong>101 rue de S\u00e8vres,<br \/>75006 Paris<br \/>Tel.: 06 52 30 71 05<br \/>E-mail: homearchitecture5@yahoo.com<\/p>\t\t\t\t\t\t\t\t<\/div>\n\t\t\t\t<\/div>\n\t\t\t\t\t<\/div>\n\t\t\t\t<\/div>\n\t\t\t\t<\/div>","protected":false},"excerpt":{"rendered":"<p>Legal information homearchitecture.fr is published by the company HOME ARCHITECTURE, under the trade name: HOME ARCHITECTURE HOME ARCHITECTURE101 rue de S\u00e8vres,75006 ParisT\u00e9l : 06 52 30 71 05E-mail : homearchitecture5@yahoo.comRCS Paris B 492 427 372SIRET : 49242737200023 Director of Publication :M. This site is hosted by:IONOS CONFIDENTIALITY AND DATA PROTECTION In accordance with the French Data Protection Act of 06 January 1978, you may modify or delete your registration details at any time. As this information concerning you is confidential, HOME ARCHITECTURE undertakes to protect it. You have the right to access, modify, rectify and delete data concerning you (art. 34 of the law \"Informatique et Libert\u00e9s\"). You can exercise this right directly on the sites concerned or by contacting us: HOME ARCHITECTURE101 rue de S\u00e8vres,75006 ParisTelephone: 06 52 30 71 05E-mail: homearchitecture5@yahoo.com<\/p>","protected":false},"author":1,"featured_media":0,"parent":0,"menu_order":0,"comment_status":"closed","ping_status":"closed","template":"","meta":{"footnotes":""},"class_list":["post-680","page","type-page","status-publish","hentry"],"yoast_head":"<!-- This site is optimized with the Yoast SEO plugin v27.5 - https:\/\/yoast.com\/product\/yoast-seo-wordpress\/ -->\n<title>Mentions L\u00e9gales - Home Architecture<\/title>\n<meta name=\"robots\" content=\"index, follow, max-snippet:-1, max-image-preview:large, max-video-preview:-1\" \/>\n<link rel=\"canonical\" href=\"https:\/\/lightyellow-goat-121471.hostingersite.com\/mentions-legales\/\" \/>\n<meta property=\"og:locale\" content=\"en_GB\" \/>\n<meta property=\"og:type\" content=\"article\" \/>\n<meta property=\"og:title\" content=\"Mentions L\u00e9gales - Home Architecture\" \/>\n<meta property=\"og:description\" content=\"Mentions l\u00e9gales homearchitecture.fr est \u00e9dit\u00e9 par la soci\u00e9t\u00e9 HOME ARCHITECTURE, sous le nom commercial\u00a0: HOME ARCHITECTURE HOME ARCHITECTURE101 rue de S\u00e8vres,75006 ParisT\u00e9l. : 06 52 30 71 05E-mail : homearchitecture5@yahoo.comRCS Paris B 492 427 372SIRET\u00a0: 49242737200023 Directeur de la Publication :M. Patrice PETIT HEBERGEUR Ce site est h\u00e9berg\u00e9 par :IONOS \u00a0 CONFIDENTIALITE ET PROTECTION DES DONNEES Conform\u00e9ment \u00e0 la loi informatique et libert\u00e9s du 06 janvier 1978, vous pouvez \u00e0 tout moment modifier ou supprimer les renseignements li\u00e9s \u00e0 votre inscription. Ces informations vous concernant \u00e9tant confidentielles,\u00a0HOME ARCHITECTURE s\u2019engage \u00e0 les prot\u00e9ger. Vous disposez d\u2019un droit d\u2019acc\u00e8s, de modification, de rectification et de suppression des donn\u00e9es qui vous concernent (art. 34 de la loi \u00ab\u00a0Informatique et Libert\u00e9s\u00a0\u00bb). Vous pouvez exercer ce droit directement sur les sites concern\u00e9s ou en nous contactant : HOME ARCHITECTURE101 rue de S\u00e8vres,75006 ParisT\u00e9l. : 06 52 30 71 05E-mail : homearchitecture5@yahoo.com\" \/>\n<meta property=\"og:url\" content=\"https:\/\/lightyellow-goat-121471.hostingersite.com\/mentions-legales\/\" \/>\n<meta property=\"og:site_name\" content=\"Home Architecture\" \/>\n<meta property=\"article:modified_time\" content=\"2024-10-10T13:37:03+00:00\" \/>\n<meta name=\"twitter:card\" content=\"summary_large_image\" \/>\n<meta name=\"twitter:label1\" content=\"Estimated reading time\" \/>\n\t<meta name=\"twitter:data1\" content=\"1 minute\" \/>\n<script type=\"application\/ld+json\" class=\"yoast-schema-graph\">{\"@context\":\"https:\\\/\\\/schema.org\",\"@graph\":[{\"@type\":\"WebPage\",\"@id\":\"https:\\\/\\\/lightyellow-goat-121471.hostingersite.com\\\/mentions-legales\\\/\",\"url\":\"https:\\\/\\\/lightyellow-goat-121471.hostingersite.com\\\/mentions-legales\\\/\",\"name\":\"Mentions L\u00e9gales - Home Architecture\",\"isPartOf\":{\"@id\":\"https:\\\/\\\/lightyellow-goat-121471.hostingersite.com\\\/#website\"},\"datePublished\":\"2024-05-19T12:43:34+00:00\",\"dateModified\":\"2024-10-10T13:37:03+00:00\",\"breadcrumb\":{\"@id\":\"https:\\\/\\\/lightyellow-goat-121471.hostingersite.com\\\/mentions-legales\\\/#breadcrumb\"},\"inLanguage\":\"en-GB\",\"potentialAction\":[{\"@type\":\"ReadAction\",\"target\":[\"https:\\\/\\\/lightyellow-goat-121471.hostingersite.com\\\/mentions-legales\\\/\"]}]},{\"@type\":\"BreadcrumbList\",\"@id\":\"https:\\\/\\\/lightyellow-goat-121471.hostingersite.com\\\/mentions-legales\\\/#breadcrumb\",\"itemListElement\":[{\"@type\":\"ListItem\",\"position\":1,\"name\":\"Home\",\"item\":\"https:\\\/\\\/lightyellow-goat-121471.hostingersite.com\\\/\"},{\"@type\":\"ListItem\",\"position\":2,\"name\":\"Mentions L\u00e9gales\"}]},{\"@type\":\"WebSite\",\"@id\":\"https:\\\/\\\/lightyellow-goat-121471.hostingersite.com\\\/#website\",\"url\":\"https:\\\/\\\/lightyellow-goat-121471.hostingersite.com\\\/\",\"name\":\"Home Architecture\",\"description\":\"\",\"publisher\":{\"@id\":\"https:\\\/\\\/lightyellow-goat-121471.hostingersite.com\\\/#organization\"},\"potentialAction\":[{\"@type\":\"SearchAction\",\"target\":{\"@type\":\"EntryPoint\",\"urlTemplate\":\"https:\\\/\\\/lightyellow-goat-121471.hostingersite.com\\\/?s={search_term_string}\"},\"query-input\":{\"@type\":\"PropertyValueSpecification\",\"valueRequired\":true,\"valueName\":\"search_term_string\"}}],\"inLanguage\":\"en-GB\"},{\"@type\":\"Organization\",\"@id\":\"https:\\\/\\\/lightyellow-goat-121471.hostingersite.com\\\/#organization\",\"name\":\"Home Architecture\",\"url\":\"https:\\\/\\\/lightyellow-goat-121471.hostingersite.com\\\/\",\"logo\":{\"@type\":\"ImageObject\",\"inLanguage\":\"en-GB\",\"@id\":\"https:\\\/\\\/lightyellow-goat-121471.hostingersite.com\\\/#\\\/schema\\\/logo\\\/image\\\/\",\"url\":\"https:\\\/\\\/homearchitecture.fr\\\/wp-content\\\/uploads\\\/2024\\\/05\\\/cropped-lo-3.jpg\",\"contentUrl\":\"https:\\\/\\\/homearchitecture.fr\\\/wp-content\\\/uploads\\\/2024\\\/05\\\/cropped-lo-3.jpg\",\"width\":768,\"height\":767,\"caption\":\"Home Architecture\"},\"image\":{\"@id\":\"https:\\\/\\\/lightyellow-goat-121471.hostingersite.com\\\/#\\\/schema\\\/logo\\\/image\\\/\"}}]}<\/script>\n<!-- \/ Yoast SEO plugin. -->","yoast_head_json":{"title":"Legal Notice - Home Architecture","robots":{"index":"index","follow":"follow","max-snippet":"max-snippet:-1","max-image-preview":"max-image-preview:large","max-video-preview":"max-video-preview:-1"},"canonical":"https:\/\/lightyellow-goat-121471.hostingersite.com\/mentions-legales\/","og_locale":"en_GB","og_type":"article","og_title":"Mentions L\u00e9gales - Home Architecture","og_description":"Mentions l\u00e9gales homearchitecture.fr est \u00e9dit\u00e9 par la soci\u00e9t\u00e9 HOME ARCHITECTURE, sous le nom commercial\u00a0: HOME ARCHITECTURE HOME ARCHITECTURE101 rue de S\u00e8vres,75006 ParisT\u00e9l. : 06 52 30 71 05E-mail : homearchitecture5@yahoo.comRCS Paris B 492 427 372SIRET\u00a0: 49242737200023 Directeur de la Publication :M. Patrice PETIT HEBERGEUR Ce site est h\u00e9berg\u00e9 par :IONOS \u00a0 CONFIDENTIALITE ET PROTECTION DES DONNEES Conform\u00e9ment \u00e0 la loi informatique et libert\u00e9s du 06 janvier 1978, vous pouvez \u00e0 tout moment modifier ou supprimer les renseignements li\u00e9s \u00e0 votre inscription. Ces informations vous concernant \u00e9tant confidentielles,\u00a0HOME ARCHITECTURE s\u2019engage \u00e0 les prot\u00e9ger. Vous disposez d\u2019un droit d\u2019acc\u00e8s, de modification, de rectification et de suppression des donn\u00e9es qui vous concernent (art. 34 de la loi \u00ab\u00a0Informatique et Libert\u00e9s\u00a0\u00bb). Vous pouvez exercer ce droit directement sur les sites concern\u00e9s ou en nous contactant : HOME ARCHITECTURE101 rue de S\u00e8vres,75006 ParisT\u00e9l. : 06 52 30 71 05E-mail : homearchitecture5@yahoo.com","og_url":"https:\/\/lightyellow-goat-121471.hostingersite.com\/mentions-legales\/","og_site_name":"Home Architecture","article_modified_time":"2024-10-10T13:37:03+00:00","twitter_card":"summary_large_image","twitter_misc":{"Estimated reading time":"1 minute"},"schema":{"@context":"https:\/\/schema.org","@graph":[{"@type":"WebPage","@id":"https:\/\/lightyellow-goat-121471.hostingersite.com\/mentions-legales\/","url":"https:\/\/lightyellow-goat-121471.hostingersite.com\/mentions-legales\/","name":"Legal Notice - Home Architecture","isPartOf":{"@id":"https:\/\/lightyellow-goat-121471.hostingersite.com\/#website"},"datePublished":"2024-05-19T12:43:34+00:00","dateModified":"2024-10-10T13:37:03+00:00","breadcrumb":{"@id":"https:\/\/lightyellow-goat-121471.hostingersite.com\/mentions-legales\/#breadcrumb"},"inLanguage":"en-GB","potentialAction":[{"@type":"ReadAction","target":["https:\/\/lightyellow-goat-121471.hostingersite.com\/mentions-legales\/"]}]},{"@type":"BreadcrumbList","@id":"https:\/\/lightyellow-goat-121471.hostingersite.com\/mentions-legales\/#breadcrumb","itemListElement":[{"@type":"ListItem","position":1,"name":"Home","item":"https:\/\/lightyellow-goat-121471.hostingersite.com\/"},{"@type":"ListItem","position":2,"name":"Mentions L\u00e9gales"}]},{"@type":"WebSite","@id":"https:\/\/lightyellow-goat-121471.hostingersite.com\/#website","url":"https:\/\/lightyellow-goat-121471.hostingersite.com\/","name":"Home Architecture","description":"","publisher":{"@id":"https:\/\/lightyellow-goat-121471.hostingersite.com\/#organization"},"potentialAction":[{"@type":"SearchAction","target":{"@type":"EntryPoint","urlTemplate":"https:\/\/lightyellow-goat-121471.hostingersite.com\/?s={search_term_string}"},"query-input":{"@type":"PropertyValueSpecification","valueRequired":true,"valueName":"search_term_string"}}],"inLanguage":"en-GB"},{"@type":"Organization","@id":"https:\/\/lightyellow-goat-121471.hostingersite.com\/#organization","name":"Home Architecture","url":"https:\/\/lightyellow-goat-121471.hostingersite.com\/","logo":{"@type":"ImageObject","inLanguage":"en-GB","@id":"https:\/\/lightyellow-goat-121471.hostingersite.com\/#\/schema\/logo\/image\/","url":"https:\/\/homearchitecture.fr\/wp-content\/uploads\/2024\/05\/cropped-lo-3.jpg","contentUrl":"https:\/\/homearchitecture.fr\/wp-content\/uploads\/2024\/05\/cropped-lo-3.jpg","width":768,"height":767,"caption":"Home Architecture"},"image":{"@id":"https:\/\/lightyellow-goat-121471.hostingersite.com\/#\/schema\/logo\/image\/"}}]}},"_links":{"self":[{"href":"https:\/\/homearchitecture.fr\/en\/wp-json\/wp\/v2\/pages\/680","targetHints":{"allow":["GET"]}}],"collection":[{"href":"https:\/\/homearchitecture.fr\/en\/wp-json\/wp\/v2\/pages"}],"about":[{"href":"https:\/\/homearchitecture.fr\/en\/wp-json\/wp\/v2\/types\/page"}],"author":[{"embeddable":true,"href":"https:\/\/homearchitecture.fr\/en\/wp-json\/wp\/v2\/users\/1"}],"replies":[{"embeddable":true,"href":"https:\/\/homearchitecture.fr\/en\/wp-json\/wp\/v2\/comments?post=680"}],"version-history":[{"count":28,"href":"https:\/\/homearchitecture.fr\/en\/wp-json\/wp\/v2\/pages\/680\/revisions"}],"predecessor-version":[{"id":2864,"href":"https:\/\/homearchitecture.fr\/en\/wp-json\/wp\/v2\/pages\/680\/revisions\/2864"}],"wp:attachment":[{"href":"https:\/\/homearchitecture.fr\/en\/wp-json\/wp\/v2\/media?parent=680"}],"curies":[{"name":"wp","href":"https:\/\/api.w.org\/{rel}","templated":true}]}}